{"id":28577,"date":"2023-05-16T15:51:50","date_gmt":"2023-05-16T15:51:50","guid":{"rendered":"https:\/\/dormirenpalasderei.com\/?page_id=28577"},"modified":"2023-05-18T08:16:16","modified_gmt":"2023-05-18T08:16:16","slug":"aviso-legal","status":"publish","type":"page","link":"https:\/\/vieja.dormirenpalasderei.com\/en\/aviso-legal\/","title":{"rendered":"Aviso legal"},"content":{"rendered":"<p>En cumplimiento de lo establecido en el Art. 10 de la Ley 34\/2002, de 11 de julio, de Servicios de la Sociedad de la Informaci\u00f3n y Comercio Electr\u00f3nico (LSSI-CE), se informa que esta p\u00e1gina web, con dominio https:\/\/vieja.dormirenpalasderei.com, es titularidad de Silvia Pena Castro en adelante LA EMPRESA.<\/p>\n\n\n\n<p>La responsable del servicio prestado a trav\u00e9s de la Web es:<\/p>\n\n\n\n<p>Silvia Pena Castro<br>Tel\u00e9fono8s): 686742333 , 620222561<br>Direcci\u00f3n de correo electr\u00f3nico: info@dormirenpalasderei.com<br>\u00a0<\/p>\n\n\n\n<p><strong>T\u00c9RMINOS Y CONDICIONES<\/strong><\/p>\n\n\n\n<p><strong>1. USUARIOS<\/strong>: El acceso y\/o uso de este portal de LA EMPRESA atribuye la condici\u00f3n de USUARIO, que acepta, desde dicho acceso y\/o uso, las Condiciones Generales de Uso aqu\u00ed reflejadas.<\/p>\n\n\n\n<p><strong>2. USO DEL PORTAL<\/strong>: Esta web proporciona el acceso a multitud de informaciones, datos y fotograf\u00edas (en adelante, \u00ablos contenidos\u00bb) en Internet pertenecientes a LA EMPRESA. El USUARIO asume la responsabilidad del uso del portal. El USUARIO se compromete a hacer un uso adecuado de los contenidos y servicios (como por ejemplo&nbsp; podr\u00edan ser servicios de chat, foros de discusi\u00f3n o grupos de noticias que se lleguen a crear dentro del portal) que&nbsp;LA EMPRESA ofrece a trav\u00e9s de su portal y con car\u00e1cter enunciativo pero no limitativo, a no emplearlos para (i) incurrir en actividades il\u00edcitas, ilegales o contrarias a la buena fe y al orden p\u00fablico; (ii) difundir contenidos o propaganda de car\u00e1cter racista, xen\u00f3fobo, pornogr\u00e1fico-ilegal, de apolog\u00eda del terrorismo o atentatorio contra los derechos humanos; (iii) provocar da\u00f1os en los sistemas f\u00edsicos y l\u00f3gicos de LA EMPRESA, de sus proveedores o de terceras personas, introducir o difundir en la red virus inform\u00e1ticos o cualesquiera otros sistemas f\u00edsicos o l\u00f3gicos que sean susceptibles de provocar los da\u00f1os anteriormente mencionados; (iv) intentar acceder y, en su caso, utilizar las cuentas de correo electr\u00f3nico de otros usuarios y modificar o manipular sus mensajes. LA EMPRESA se reserva el derecho de retirar todos aquellos comentarios y aportaciones que vulneren el respeto a la dignidad de la persona, que sean discriminatorios, xen\u00f3fobos, racistas, pornogr\u00e1ficos, que atenten contra la juventud o la infancia, el orden o la seguridad p\u00fablica o que, a su juicio, no resultaran adecuados para su publicaci\u00f3n. En cualquier caso, LA EMPRESA no ser\u00e1 responsable de las opiniones vertidas por los usuarios a trav\u00e9s de los foros, chats, u otras herramientas de participaci\u00f3n que se puedan llegar a crear dentro del portal web corporativo, as\u00ed como en los perfiles oficiales de redes sociales de LA EMPRESA.<\/p>\n\n\n\n<p><strong>3. PROTECCI\u00d3N DE DATOS:<\/strong> LA EMPRESA cumple con las directrices y obligaciones reguladas en el REGLAMENTO (UE) 2016\/679 DEL PARLAMENTO EUROPEO Y DEL CONSEJO de 27 de abril de 2016 relativo a la protecci\u00f3n de las personas f\u00edsicas en lo que respecta al tratamiento de datos personales y a la libre circulaci\u00f3n de estos datos y dem\u00e1s normativa vigente sobre protecci\u00f3n de datos en cada momento, y vela por garantizar un correcto uso y tratamiento de los datos personales empleados en sus sistemas de informaci\u00f3n, as\u00ed como su confidencialidad, integridad, disponibilidad y resiliencia en todo momento.<\/p>\n\n\n\n<p><strong>4. PROPIEDAD INTELECTUAL E INDUSTRIAL<\/strong>: LA EMPRESA por s\u00ed o como cesionaria, es titular de todos los derechos de propiedad intelectual e industrial de su p\u00e1gina web, as\u00ed como de los elementos contenidos en la misma (a t\u00edtulo enunciativo, im\u00e1genes, sonido, audio, v\u00eddeo, software o textos; marcas o logotipos, combinaciones de colores, estructura y dise\u00f1o, selecci\u00f3n de materiales usados, programas de ordenador necesarios para su funcionamiento, acceso y uso, etc.), titularidad de LA EMPRESA o bien de sus licenciantes. Todos los derechos reservados. En virtud de lo dispuesto en los art\u00edculos 8 y 32.1, p\u00e1rrafo segundo, de la Ley de Propiedad Intelectual, quedan expresamente prohibidas la reproducci\u00f3n, la distribuci\u00f3n y la comunicaci\u00f3n p\u00fablica, incluida su modalidad de puesta a disposici\u00f3n, de la totalidad o parte de los contenidos de esta p\u00e1gina web, con fines comerciales, en cualquier soporte y por cualquier medio t\u00e9cnico, sin la autorizaci\u00f3n de&nbsp;LA EMPRESA. El USUARIO se compromete a respetar los derechos de Propiedad Intelectual e Industrial titularidad de LA EMPRESA. Podr\u00e1 visualizar los elementos del portal e incluso imprimirlos, copiarlos y almacenarlos en el disco duro de su ordenador o en cualquier otro soporte f\u00edsico siempre y cuando sea, \u00fanica y exclusivamente, para su uso personal y privado. El USUARIO deber\u00e1 abstenerse de suprimir, alterar, eludir o manipular cualquier dispositivo de protecci\u00f3n o sistema de seguridad que estuviera instalado en las p\u00e1ginas de LA EMPRESA.<\/p>\n\n\n\n<p><strong>5. EXCLUSI\u00d3N DE GARANT\u00cdAS Y RESPONSABILIDAD<\/strong>: LA EMPRESA no se hace responsable, en ning\u00fan caso, de los da\u00f1os y perjuicios de cualquier naturaleza que pudieran ocasionar, a t\u00edtulo enunciativo: errores u omisiones en los contenidos, falta de disponibilidad del portal o la transmisi\u00f3n de virus o programas maliciosos o lesivos en los contenidos, a pesar de haber adoptado todas las medidas tecnol\u00f3gicas necesarias para evitarlo.<\/p>\n\n\n\n<p><strong>6. MODIFICACIONES<\/strong>:&nbsp;LA EMPRESA se reserva el derecho de efectuar sin previo aviso las modificaciones que considere oportunas en su portal, pudiendo cambiar, suprimir o a\u00f1adir tanto los contenidos y servicios que se presten a trav\u00e9s de esta como la forma en la que \u00e9stos aparezcan presentados o localizados en su portal.<\/p>\n\n\n\n<p><strong>7. ENLACES<\/strong>: En el caso de que en esta web se dispusiesen enlaces o hiperv\u00ednculos hac\u00eda otros sitios de Internet,&nbsp;LA EMPRESA no ejercer\u00e1 ning\u00fan tipo de control sobre dichos sitios y contenidos. En ning\u00fan caso&nbsp;LA EMPRESA asumir\u00e1 responsabilidad alguna por los contenidos de alg\u00fan enlace perteneciente a un sitio web ajeno, ni garantizar\u00e1 la disponibilidad t\u00e9cnica, calidad, fiabilidad, exactitud, amplitud, veracidad, validez y constitucionalidad de cualquier material o informaci\u00f3n contenida en ninguno de dichos hiperv\u00ednculos u otros sitios de Internet. Igualmente, la inclusi\u00f3n de estas conexiones externas no implicar\u00e1 ning\u00fan tipo de asociaci\u00f3n, fusi\u00f3n o participaci\u00f3n con las entidades conectadas.<\/p>\n\n\n\n<p><strong>8. DERECHO DE EXCLUSI\u00d3N<\/strong>: LA EMPRESA se reserva el derecho a denegar o retirar el acceso a portal y\/o los servicios ofrecidos sin necesidad de preaviso, a instancia propia o de un tercero, a aquellos usuarios que incumplan las presentes Condiciones Generales de Uso.<\/p>\n\n\n\n<p><strong>9. GENERALIDADES<\/strong>: LA EMPRESA perseguir\u00e1 el incumplimiento de las presentes condiciones, as\u00ed como cualquier utilizaci\u00f3n indebida de su portal ejerciendo todas las acciones civiles y penales que le puedan corresponder en derecho.<\/p>\n\n\n\n<p><strong>10. MODIFICACI\u00d3N DE LAS PRESENTES CONDICIONES Y DURACI\u00d3N<\/strong>: LA EMPRESA podr\u00e1 modificar en cualquier momento las condiciones aqu\u00ed determinadas, siendo debidamente publicadas como aqu\u00ed aparecen. La vigencia de las citadas condiciones ir\u00e1 en funci\u00f3n de su exposici\u00f3n y estar\u00e1n vigentes hasta que sean modificadas por otras debidamente publicadas.<\/p>\n\n\n\n<p><strong>11. LEGISLACI\u00d3N APLICABLE Y JURISDICCI\u00d3N<\/strong>: La relaci\u00f3n entre LA EMPRESA y el USUARIO se regir\u00e1 por la normativa espa\u00f1ola vigente y cualquier controversia se someter\u00e1 a los Juzgados y tribunales de Lugo.<\/p>","protected":false},"excerpt":{"rendered":"<p>En cumplimiento de lo establecido en el Art. 10 de la Ley 34\/2002, de 11 de julio, de Servicios de la Sociedad de la Informaci\u00f3n y Comercio Electr\u00f3nico (LSSI-CE), se informa que esta p\u00e1gina web, con dominio https:\/\/vieja.dormirenpalasderei.com, es titularidad de Silvia Pena Castro en adelante LA EMPRESA. La responsable del servicio prestado a trav\u00e9s &#8230;<\/p>","protected":false},"author":1,"featured_media":0,"parent":0,"menu_order":0,"comment_status":"closed","ping_status":"closed","template":"gdpr_terms.php","meta":{"inline_featured_image":false,"footnotes":""},"class_list":["post-28577","page","type-page","status-publish","hentry"],"_links":{"self":[{"href":"https:\/\/vieja.dormirenpalasderei.com\/en\/wp-json\/wp\/v2\/pages\/28577","targetHints":{"allow":["GET"]}}],"collection":[{"href":"https:\/\/vieja.dormirenpalasderei.com\/en\/wp-json\/wp\/v2\/pages"}],"about":[{"href":"https:\/\/vieja.dormirenpalasderei.com\/en\/wp-json\/wp\/v2\/types\/page"}],"author":[{"embeddable":true,"href":"https:\/\/vieja.dormirenpalasderei.com\/en\/wp-json\/wp\/v2\/users\/1"}],"replies":[{"embeddable":true,"href":"https:\/\/vieja.dormirenpalasderei.com\/en\/wp-json\/wp\/v2\/comments?post=28577"}],"version-history":[{"count":0,"href":"https:\/\/vieja.dormirenpalasderei.com\/en\/wp-json\/wp\/v2\/pages\/28577\/revisions"}],"wp:attachment":[{"href":"https:\/\/vieja.dormirenpalasderei.com\/en\/wp-json\/wp\/v2\/media?parent=28577"}],"curies":[{"name":"wp","href":"https:\/\/api.w.org\/{rel}","templated":true}]}}