{"id":3,"date":"2023-01-31T08:21:47","date_gmt":"2023-01-31T08:21:47","guid":{"rendered":"http:\/\/dormirenpalasderei.com\/?page_id=3"},"modified":"2025-03-18T12:39:07","modified_gmt":"2025-03-18T12:39:07","slug":"politica-privacidad","status":"publish","type":"page","link":"https:\/\/vieja.dormirenpalasderei.com\/en\/politica-privacidad\/","title":{"rendered":"Pol\u00edtica de privacidad"},"content":{"rendered":"<p>De acuerdo con lo establecido por la normativa de Protecci\u00f3n de Datos de Car\u00e1cter Personal, le informamos que est\u00e1 facilitando sus datos de car\u00e1cter personal al Responsable de Tratamiento: SILVIA PENA CASTRO (en adelante LA ENTIDAD), con direcci\u00f3n en R\u00faa SAN MIGUEL DE COENCE, 33 \u2013 PALAS DE REI \u2013 27207 &#8211; LUGO y correo electr\u00f3nico info@dormirenpalasderei.com<\/p>\n\n\n\n<p><strong>1. FINALIDAD DEL TRATAMIENTO<\/strong><\/p>\n\n\n\n<p>Los datos recopilados ser\u00e1n \u00fanicamente los detallados en el formulario de contacto, as\u00ed como aquellos que usted mismo nos facilite en el apartado \u201cComentarios\u201d. La ENTIDAD podr\u00e1 tratar sus datos de car\u00e1cter personal de acuerdo con las siguientes finalidades:<\/p>\n\n\n\n<ul class=\"wp-block-list\">\n<li>Gestionar su navegaci\u00f3n a trav\u00e9s del Sitio Web.<\/li>\n\n\n\n<li>Gestionar el servicio de Atenci\u00f3n al Cliente, para dar respuesta a las dudas, quejas, comentarios o inquietudes que pueda tener relativas a la informaci\u00f3n incluida en el Sitio Web, as\u00ed como cualesquiera otras consultas que pueda tener.<\/li>\n\n\n\n<li>Gestionar el cumplimiento, mantenimiento, desarrollo y control de cualesquiera relaciones que la ENTIDAD mantenga con usted.<\/li>\n<\/ul>\n\n\n\n<p>El hecho de no facilitar cierta informaci\u00f3n se\u00f1alada como obligatoria, puede conllevar que no sea posible gestionar su petici\u00f3n a trav\u00e9s del formulario de contacto.<\/p>\n\n\n\n<p>En el caso de que nos aporte Datos Personales de terceros, usted se responsabiliza de haber informado y haber obtenido el consentimiento de estos para ser aportados con las finalidades indicadas en los apartados correspondientes de la presente Pol\u00edtica de Privacidad y Cookies.<\/p>\n\n\n\n<p><strong>2. LEGITIMACI\u00d3N DEL TRATAMIENTO DE SUS DATOS DE CAR\u00c1CTER PERSONAL<\/strong><\/p>\n\n\n\n<p>La legitimaci\u00f3n se basa en el consentimiento que usted nos otorga al clicar el bot\u00f3n \u201cACEPTO LA POL\u00cdTICA DE PROTECCI\u00d3N DE DATOS\u201d.<\/p>\n\n\n\n<p><strong>3. DESTINATARIOS DE CESIONES<\/strong><\/p>\n\n\n\n<p>No cederemos sus datos a terceros.<\/p>\n\n\n\n<p><strong>4. DERECHOS<\/strong><\/p>\n\n\n\n<p>Por \u00faltimo, le informamos de sus derechos en materia de protecci\u00f3n de datos.<\/p>\n\n\n\n<ul class=\"wp-block-list\">\n<li>Derecho a solicitar el acceso a sus datos personales.<\/li>\n\n\n\n<li>Derecho a solicitar su rectificaci\u00f3n o supresi\u00f3n (derecho al olvido).<\/li>\n\n\n\n<li>Derecho a solicitar la limitaci\u00f3n de su tratamiento, y a oponerse al tratamiento.<\/li>\n\n\n\n<li>Derecho a la portabilidad de los datos.<\/li>\n<\/ul>\n\n\n\n<p>Para ejercer sus derechos no tiene m\u00e1s que realizar una solicitud por escrito y acompa\u00f1arla de una copia de su DNI.<\/p>\n\n\n\n<p>LA ENTIDAD dispone de formularios adecuados al respecto. No tiene m\u00e1s que solicitarlos o bien presentar su propio escrito en info@dormirenpalasderei.com<\/p>\n\n\n\n<p><strong>5. MEDIDAS DE SEGURIDAD<\/strong><\/p>\n\n\n\n<p>LA ENTIDAD tiene implantadas las medidas t\u00e9cnicas y organizativas necesarias para garantizar la seguridad de sus datos de car\u00e1cter personal y evitar su alteraci\u00f3n, la p\u00e9rdida y el tratamiento y\/o el acceso no autorizado, teniendo en cuenta el estado de la tecnolog\u00eda, la naturaleza de los datos almacenados y los riesgos provenientes de la acci\u00f3n humana o del medio f\u00edsico y natural a que est\u00e1n expuestas.<\/p>","protected":false},"excerpt":{"rendered":"<p>De acuerdo con lo establecido por la normativa de Protecci\u00f3n de Datos de Car\u00e1cter Personal, le informamos que est\u00e1 facilitando sus datos de car\u00e1cter personal al Responsable de Tratamiento: SILVIA PENA CASTRO (en adelante LA ENTIDAD), con direcci\u00f3n en R\u00faa SAN MIGUEL DE COENCE, 33 \u2013 PALAS DE REI \u2013 27207 &#8211; LUGO y correo &#8230;<\/p>","protected":false},"author":1,"featured_media":0,"parent":0,"menu_order":0,"comment_status":"closed","ping_status":"open","template":"","meta":{"inline_featured_image":false,"footnotes":""},"class_list":["post-3","page","type-page","status-publish","hentry"],"_links":{"self":[{"href":"https:\/\/vieja.dormirenpalasderei.com\/en\/wp-json\/wp\/v2\/pages\/3","targetHints":{"allow":["GET"]}}],"collection":[{"href":"https:\/\/vieja.dormirenpalasderei.com\/en\/wp-json\/wp\/v2\/pages"}],"about":[{"href":"https:\/\/vieja.dormirenpalasderei.com\/en\/wp-json\/wp\/v2\/types\/page"}],"author":[{"embeddable":true,"href":"https:\/\/vieja.dormirenpalasderei.com\/en\/wp-json\/wp\/v2\/users\/1"}],"replies":[{"embeddable":true,"href":"https:\/\/vieja.dormirenpalasderei.com\/en\/wp-json\/wp\/v2\/comments?post=3"}],"version-history":[{"count":0,"href":"https:\/\/vieja.dormirenpalasderei.com\/en\/wp-json\/wp\/v2\/pages\/3\/revisions"}],"wp:attachment":[{"href":"https:\/\/vieja.dormirenpalasderei.com\/en\/wp-json\/wp\/v2\/media?parent=3"}],"curies":[{"name":"wp","href":"https:\/\/api.w.org\/{rel}","templated":true}]}}